{"id":7067,"date":"2022-05-07T22:44:44","date_gmt":"2022-05-08T02:44:44","guid":{"rendered":"https:\/\/stezen.ca\/?page_id=7067"},"modified":"2025-06-09T11:26:51","modified_gmt":"2025-06-09T15:26:51","slug":"blogue","status":"publish","type":"page","link":"https:\/\/stezen.ca\/en\/blogue\/","title":{"rendered":"Blog"},"content":{"rendered":"<div data-elementor-type=\"wp-page\" data-elementor-id=\"7067\" class=\"elementor elementor-7067\" data-elementor-post-type=\"page\">\n\t\t\t\t\t\t<div class=\"elementor-inner\">\n\t\t\t\t<div class=\"elementor-section-wrap\">\n\t\t\t\t\t\t\t\t\t<section class=\"elementor-section elementor-top-section elementor-element elementor-element-94e3a11 elementor-section-height-min-height elementor-section-boxed elementor-section-height-default elementor-section-items-middle qodef-elementor-content-no qodef-elementor-overlay-no\" data-id=\"94e3a11\" data-element_type=\"section\" data-settings=\"{&quot;background_background&quot;:&quot;classic&quot;}\">\n\t\t\t\t\t\t<div class=\"elementor-container elementor-column-gap-default\">\n\t\t\t\t\t\t\t<div class=\"elementor-row\">\n\t\t\t\t\t<div class=\"elementor-column elementor-col-100 elementor-top-column elementor-element elementor-element-9b40562\" data-id=\"9b40562\" data-element_type=\"column\">\n\t\t\t<div class=\"elementor-column-wrap\">\n\t\t\t\t\t\t\t<div class=\"elementor-widget-wrap\">\n\t\t\t\t\t\t\t\t<\/div>\n\t\t\t\t\t<\/div>\n\t\t<\/div>\n\t\t\t\t\t\t\t\t<\/div>\n\t\t\t\t\t<\/div>\n\t\t<\/section>\n\t\t\t\t<section class=\"elementor-section elementor-top-section elementor-element elementor-element-58dd567 qodef-elementor-content-grid elementor-section-content-top elementor-section-boxed elementor-section-height-default elementor-section-height-default qodef-elementor-overlay-no\" data-id=\"58dd567\" data-element_type=\"section\">\n\t\t\t\t\t\t<div class=\"elementor-container elementor-column-gap-no\">\n\t\t\t\t\t\t\t<div class=\"elementor-row\">\n\t\t\t\t\t<div class=\"elementor-column elementor-col-100 elementor-top-column elementor-element elementor-element-3d9772c\" data-id=\"3d9772c\" data-element_type=\"column\">\n\t\t\t<div class=\"elementor-column-wrap elementor-element-populated\">\n\t\t\t\t\t\t\t<div class=\"elementor-widget-wrap\">\n\t\t\t\t\t\t<div class=\"elementor-element elementor-element-3ec33aa elementor-widget elementor-widget-qi_addons_for_elementor_blog_list\" data-id=\"3ec33aa\" data-element_type=\"widget\" data-widget_type=\"qi_addons_for_elementor_blog_list.default\">\n\t\t\t\t<div class=\"elementor-widget-container\">\n\t\t\t<div class=\"qodef-shortcode qodef-m  qodef-addons-blog-list qodef-info-no-icons  qodef-image--hover-zoom   qodef-qi-grid qodef-layout--qi-columns  qodef-col-num--3  qodef-item-layout--date-boxed qodef-responsive--predefined\" >\n\t<div class=\"qodef-grid-inner\">\n\t\t<article class=\"qodef-e qodef-blog-item qodef-grid-item qodef-item--full post-9703 post type-post status-publish format-standard has-post-thumbnail hentry category-uncategorized tag-centre-de-dons tag-coulisses tag-desencombrement tag-ecocentre tag-journee-dorganisation tag-journee-dans-la-vie tag-organisation tag-organisatrice-despaces tag-organisatrice-professionnelle tag-rangement tag-stezen tag-tri\">\n\t<div class=\"qodef-e-inner\">\n\t\t<div class=\"qodef-e-media-holder\">\n\t\t\t<div class=\"qodef-e-media\">\n\t\t<div class=\"qodef-e-media-image\">\n\t\t<a itemprop=\"url\" href=\"https:\/\/stezen.ca\/en\/une-journee-dans-la-vie-dune-organisatrice-professionnelle\/\">\n\t\t\t<img loading=\"lazy\" width=\"1280\" height=\"853\" src=\"https:\/\/stezen.ca\/wp-content\/uploads\/2026\/03\/SteZen-blogue-journee-dans-la-vie-dune-organisatrice-professionnelle-\u2013-grande-taille.jpeg\" class=\"attachment-full size-full\" alt=\"Femme devant une pi\u00e8ce encombr\u00e9e se pr\u00e9parant \u00e0 commencer un projet de d\u00e9sencombrement et d\u2019organisation de la maison.\" decoding=\"async\" srcset=\"https:\/\/stezen.ca\/wp-content\/uploads\/2026\/03\/SteZen-blogue-journee-dans-la-vie-dune-organisatrice-professionnelle-\u2013-grande-taille.jpeg 1280w, https:\/\/stezen.ca\/wp-content\/uploads\/2026\/03\/SteZen-blogue-journee-dans-la-vie-dune-organisatrice-professionnelle-\u2013-grande-taille-300x200.jpeg 300w, https:\/\/stezen.ca\/wp-content\/uploads\/2026\/03\/SteZen-blogue-journee-dans-la-vie-dune-organisatrice-professionnelle-\u2013-grande-taille-1024x682.jpeg 1024w, https:\/\/stezen.ca\/wp-content\/uploads\/2026\/03\/SteZen-blogue-journee-dans-la-vie-dune-organisatrice-professionnelle-\u2013-grande-taille-768x512.jpeg 768w, https:\/\/stezen.ca\/wp-content\/uploads\/2026\/03\/SteZen-blogue-journee-dans-la-vie-dune-organisatrice-professionnelle-\u2013-grande-taille-18x12.jpeg 18w\" sizes=\"(max-width: 1280px) 100vw, 1280px\" \/>\t\t<\/a>\n\t\t\t<\/div>\n<\/div>\n<div itemprop=\"dateCreated\" class=\"qodef-e-info-item qodef-e-info-date entry-date\">\n\t<a itemprop=\"url\" href=\"https:\/\/stezen.ca\/en\/2026\/03\/\">\n\t\t13 Mar\t<\/a>\n<\/div>\n\t\t<\/div>\n\t\t<div class=\"qodef-e-content\">\n\t\t\t\t\t\t\t<div class=\"qodef-e-info qodef-info--top\">\n\t\t\t\t\t<div class=\"qodef-e-info-item qodef-e-info-category\">\n\t\t<a href=\"https:\/\/stezen.ca\/en\/category\/uncategorized\/\" rel=\"category tag\">Uncategorized<\/a><\/div>\n<div class=\"qodef-e-info-item qodef-e-info-author\">\n\t<a itemprop=\"author\" class=\"qodef-e-info-author-link\" href=\"https:\/\/stezen.ca\/en\/author\/infostezen-ca\/\">\n\t\t\t\tSt\u00e9phanie Barab\u00e9\t<\/a>\n<\/div>\n\t\t\t\t<\/div>\n\t\t\t\t\t\t<div class=\"qodef-e-text\">\n\t\t\t\t<h5 itemprop=\"name\" class=\"qodef-e-title entry-title\">\n\t<a itemprop=\"url\" class=\"qodef-e-title-link\" href=\"https:\/\/stezen.ca\/en\/une-journee-dans-la-vie-dune-organisatrice-professionnelle\/\">\n\t\tA day in the life of a professional organizer\t<\/a>\n<\/h5>\n\t\t<p itemprop=\"description\" class=\"qodef-e-excerpt\">\n\t\t\tPeople often think that as a professional organizer, I spend my days putting away wardrobes. And yes... sometimes. But the reality of the job is b\t\t<\/p>\n\t\t\t\t<\/div>\n\t\t\t\t\t\t\t<div class=\"qodef-e-info qodef-info--bottom\">\n\t\t\t\t\t\t<div class=\"qodef-e-read-more\">\n\t\t<a class=\"qodef-shortcode qodef-m  qodef-qi-button qodef-html--link qodef-layout--textual qodef-type--standard   qodef-icon--right qodef-hover--icon-move-horizontal-short   qodef-text-underline qodef-underline--left\" href=\"https:\/\/stezen.ca\/en\/une-journee-dans-la-vie-dune-organisatrice-professionnelle\/\" target=\"_self\">\t<span class=\"qodef-m-text\">Read more<\/span>\t<\/a>\t<\/div>\n\t\t\t\t<\/div>\n\t\t\t\t\t<\/div>\n\t<\/div>\n<\/article>\n<article class=\"qodef-e qodef-blog-item qodef-grid-item qodef-item--full post-9695 post type-post status-publish format-standard has-post-thumbnail hentry category-uncategorized tag-aimer tag-charge-mentale tag-compromis tag-conflit tag-couple tag-desencombrement tag-desencombrer tag-desordre tag-espace-partage tag-organisation tag-organisatrice-professionnelle tag-saint-valentin tag-vivre-a-deux tag-zones-personnelles\">\n\t<div class=\"qodef-e-inner\">\n\t\t<div class=\"qodef-e-media-holder\">\n\t\t\t<div class=\"qodef-e-media\">\n\t\t<div class=\"qodef-e-media-image\">\n\t\t<a itemprop=\"url\" href=\"https:\/\/stezen.ca\/en\/desencombrer-en-couple-aimer-cest-aussi-faire-de-la-place\/\">\n\t\t\t<img loading=\"lazy\" width=\"2560\" height=\"1707\" src=\"https:\/\/stezen.ca\/wp-content\/uploads\/2026\/01\/SteZen-Blogue-SaintValentin-scaled.jpeg\" class=\"attachment-full size-full\" alt=\"Couple partageant un moment de complicit\u00e9 dans un espace lumineux et \u00e9pur\u00e9, illustrant comment d\u00e9sencombrer la maison peut contribuer \u00e0 une relation plus harmonieuse et apais\u00e9e.\" decoding=\"async\" srcset=\"https:\/\/stezen.ca\/wp-content\/uploads\/2026\/01\/SteZen-Blogue-SaintValentin-scaled.jpeg 2560w, https:\/\/stezen.ca\/wp-content\/uploads\/2026\/01\/SteZen-Blogue-SaintValentin-300x200.jpeg 300w, https:\/\/stezen.ca\/wp-content\/uploads\/2026\/01\/SteZen-Blogue-SaintValentin-1024x683.jpeg 1024w, https:\/\/stezen.ca\/wp-content\/uploads\/2026\/01\/SteZen-Blogue-SaintValentin-768x512.jpeg 768w, https:\/\/stezen.ca\/wp-content\/uploads\/2026\/01\/SteZen-Blogue-SaintValentin-1536x1024.jpeg 1536w, https:\/\/stezen.ca\/wp-content\/uploads\/2026\/01\/SteZen-Blogue-SaintValentin-2048x1365.jpeg 2048w, https:\/\/stezen.ca\/wp-content\/uploads\/2026\/01\/SteZen-Blogue-SaintValentin-18x12.jpeg 18w\" sizes=\"(max-width: 2560px) 100vw, 2560px\" \/>\t\t<\/a>\n\t\t\t<\/div>\n<\/div>\n<div itemprop=\"dateCreated\" class=\"qodef-e-info-item qodef-e-info-date entry-date\">\n\t<a itemprop=\"url\" href=\"https:\/\/stezen.ca\/en\/2026\/01\/\">\n\t\t27 Jan\t<\/a>\n<\/div>\n\t\t<\/div>\n\t\t<div class=\"qodef-e-content\">\n\t\t\t\t\t\t\t<div class=\"qodef-e-info qodef-info--top\">\n\t\t\t\t\t<div class=\"qodef-e-info-item qodef-e-info-category\">\n\t\t<a href=\"https:\/\/stezen.ca\/en\/category\/uncategorized\/\" rel=\"category tag\">Uncategorized<\/a><\/div>\n<div class=\"qodef-e-info-item qodef-e-info-author\">\n\t<a itemprop=\"author\" class=\"qodef-e-info-author-link\" href=\"https:\/\/stezen.ca\/en\/author\/infostezen-ca\/\">\n\t\t\t\tSt\u00e9phanie Barab\u00e9\t<\/a>\n<\/div>\n\t\t\t\t<\/div>\n\t\t\t\t\t\t<div class=\"qodef-e-text\">\n\t\t\t\t<h5 itemprop=\"name\" class=\"qodef-e-title entry-title\">\n\t<a itemprop=\"url\" class=\"qodef-e-title-link\" href=\"https:\/\/stezen.ca\/en\/desencombrer-en-couple-aimer-cest-aussi-faire-de-la-place\/\">\n\t\tDecluttering as a couple: love also means making room\t<\/a>\n<\/h5>\n\t\t<p itemprop=\"description\" class=\"qodef-e-excerpt\">\n\t\t\tI know that decluttering isn't a word we spontaneously associate with love. And yet, as Valentine's Day approaches, that's exactly where my thoughts turn.\t\t<\/p>\n\t\t\t\t<\/div>\n\t\t\t\t\t\t\t<div class=\"qodef-e-info qodef-info--bottom\">\n\t\t\t\t\t\t<div class=\"qodef-e-read-more\">\n\t\t<a class=\"qodef-shortcode qodef-m  qodef-qi-button qodef-html--link qodef-layout--textual qodef-type--standard   qodef-icon--right qodef-hover--icon-move-horizontal-short   qodef-text-underline qodef-underline--left\" href=\"https:\/\/stezen.ca\/en\/desencombrer-en-couple-aimer-cest-aussi-faire-de-la-place\/\" target=\"_self\">\t<span class=\"qodef-m-text\">Read more<\/span>\t<\/a>\t<\/div>\n\t\t\t\t<\/div>\n\t\t\t\t\t<\/div>\n\t<\/div>\n<\/article>\n<article class=\"qodef-e qodef-blog-item qodef-grid-item qodef-item--full post-9689 post type-post status-publish format-standard has-post-thumbnail hentry category-uncategorized tag-nouvelle-annee tag-organisation tag-organisatrice-despaces tag-organisatrice-professionnelle tag-stezen\">\n\t<div class=\"qodef-e-inner\">\n\t\t<div class=\"qodef-e-media-holder\">\n\t\t\t<div class=\"qodef-e-media\">\n\t\t<div class=\"qodef-e-media-image\">\n\t\t<a itemprop=\"url\" href=\"https:\/\/stezen.ca\/en\/retour-sur-2025-et-intentions-pour-2026\/\">\n\t\t\t<img loading=\"lazy\" width=\"2048\" height=\"1365\" src=\"https:\/\/stezen.ca\/wp-content\/uploads\/2026\/01\/SteZen-blogue-nouvelle-annee.jpeg\" class=\"attachment-full size-full\" alt=\"Cahier ouvert avec l\u2019ann\u00e9e 2026 \u00e9crite \u00e0 la main, accompagn\u00e9 d\u2019une tasse de th\u00e9, \u00e9voquant la r\u00e9flexion, les intentions et l\u2019alignement pour la nouvelle ann\u00e9e.\" decoding=\"async\" srcset=\"https:\/\/stezen.ca\/wp-content\/uploads\/2026\/01\/SteZen-blogue-nouvelle-annee.jpeg 2048w, https:\/\/stezen.ca\/wp-content\/uploads\/2026\/01\/SteZen-blogue-nouvelle-annee-300x200.jpeg 300w, https:\/\/stezen.ca\/wp-content\/uploads\/2026\/01\/SteZen-blogue-nouvelle-annee-1024x683.jpeg 1024w, https:\/\/stezen.ca\/wp-content\/uploads\/2026\/01\/SteZen-blogue-nouvelle-annee-768x512.jpeg 768w, https:\/\/stezen.ca\/wp-content\/uploads\/2026\/01\/SteZen-blogue-nouvelle-annee-1536x1024.jpeg 1536w, https:\/\/stezen.ca\/wp-content\/uploads\/2026\/01\/SteZen-blogue-nouvelle-annee-18x12.jpeg 18w\" sizes=\"(max-width: 2048px) 100vw, 2048px\" \/>\t\t<\/a>\n\t\t\t<\/div>\n<\/div>\n<div itemprop=\"dateCreated\" class=\"qodef-e-info-item qodef-e-info-date entry-date\">\n\t<a itemprop=\"url\" href=\"https:\/\/stezen.ca\/en\/2026\/01\/\">\n\t\t12 Jan\t<\/a>\n<\/div>\n\t\t<\/div>\n\t\t<div class=\"qodef-e-content\">\n\t\t\t\t\t\t\t<div class=\"qodef-e-info qodef-info--top\">\n\t\t\t\t\t<div class=\"qodef-e-info-item qodef-e-info-category\">\n\t\t<a href=\"https:\/\/stezen.ca\/en\/category\/uncategorized\/\" rel=\"category tag\">Uncategorized<\/a><\/div>\n<div class=\"qodef-e-info-item qodef-e-info-author\">\n\t<a itemprop=\"author\" class=\"qodef-e-info-author-link\" href=\"https:\/\/stezen.ca\/en\/author\/infostezen-ca\/\">\n\t\t\t\tSt\u00e9phanie Barab\u00e9\t<\/a>\n<\/div>\n\t\t\t\t<\/div>\n\t\t\t\t\t\t<div class=\"qodef-e-text\">\n\t\t\t\t<h5 itemprop=\"name\" class=\"qodef-e-title entry-title\">\n\t<a itemprop=\"url\" class=\"qodef-e-title-link\" href=\"https:\/\/stezen.ca\/en\/retour-sur-2025-et-intentions-pour-2026\/\">\n\t\tLooking back on 2025 and looking ahead to 2026\t<\/a>\n<\/h5>\n\t\t<p itemprop=\"description\" class=\"qodef-e-excerpt\">\n\t\t\tAt the start of each year, I always take a moment to reflect, refocus and gently project myself towards what's to come. 2025 was a big year. A year of tran\t\t<\/p>\n\t\t\t\t<\/div>\n\t\t\t\t\t\t\t<div class=\"qodef-e-info qodef-info--bottom\">\n\t\t\t\t\t\t<div class=\"qodef-e-read-more\">\n\t\t<a class=\"qodef-shortcode qodef-m  qodef-qi-button qodef-html--link qodef-layout--textual qodef-type--standard   qodef-icon--right qodef-hover--icon-move-horizontal-short   qodef-text-underline qodef-underline--left\" href=\"https:\/\/stezen.ca\/en\/retour-sur-2025-et-intentions-pour-2026\/\" target=\"_self\">\t<span class=\"qodef-m-text\">Read more<\/span>\t<\/a>\t<\/div>\n\t\t\t\t<\/div>\n\t\t\t\t\t<\/div>\n\t<\/div>\n<\/article>\n<article class=\"qodef-e qodef-blog-item qodef-grid-item qodef-item--full post-9684 post type-post status-publish format-standard has-post-thumbnail hentry category-uncategorized tag-desencombrement tag-donner-au-suivant tag-dons-de-jouets tag-jouets tag-noel tag-organisation tag-organisatrice-professionnelle tag-rangement tag-rester-zen tag-temps-des-fetes\">\n\t<div class=\"qodef-e-inner\">\n\t\t<div class=\"qodef-e-media-holder\">\n\t\t\t<div class=\"qodef-e-media\">\n\t\t<div class=\"qodef-e-media-image\">\n\t\t<a itemprop=\"url\" href=\"https:\/\/stezen.ca\/en\/desencombrer-avant-noel-et-donner-au-suivant\/\">\n\t\t\t<img loading=\"lazy\" width=\"2560\" height=\"1707\" src=\"https:\/\/stezen.ca\/wp-content\/uploads\/2025\/12\/SteZen-blogue-desencombrer-avant-Noel-scaled.jpg\" class=\"attachment-full size-full\" alt=\"Petite fille assise devant un foyer d\u00e9cor\u00e9 pour No\u00ebl, ouvrant un cadeau, une sc\u00e8ne qui illustre l\u2019importance du d\u00e9sencombrement avant l\u2019arriv\u00e9e des F\u00eates.\" decoding=\"async\" srcset=\"https:\/\/stezen.ca\/wp-content\/uploads\/2025\/12\/SteZen-blogue-desencombrer-avant-Noel-scaled.jpg 2560w, https:\/\/stezen.ca\/wp-content\/uploads\/2025\/12\/SteZen-blogue-desencombrer-avant-Noel-300x200.jpg 300w, https:\/\/stezen.ca\/wp-content\/uploads\/2025\/12\/SteZen-blogue-desencombrer-avant-Noel-1024x683.jpg 1024w, https:\/\/stezen.ca\/wp-content\/uploads\/2025\/12\/SteZen-blogue-desencombrer-avant-Noel-768x512.jpg 768w, https:\/\/stezen.ca\/wp-content\/uploads\/2025\/12\/SteZen-blogue-desencombrer-avant-Noel-1536x1024.jpg 1536w, https:\/\/stezen.ca\/wp-content\/uploads\/2025\/12\/SteZen-blogue-desencombrer-avant-Noel-2048x1365.jpg 2048w, https:\/\/stezen.ca\/wp-content\/uploads\/2025\/12\/SteZen-blogue-desencombrer-avant-Noel-18x12.jpg 18w\" sizes=\"(max-width: 2560px) 100vw, 2560px\" \/>\t\t<\/a>\n\t\t\t<\/div>\n<\/div>\n<div itemprop=\"dateCreated\" class=\"qodef-e-info-item qodef-e-info-date entry-date\">\n\t<a itemprop=\"url\" href=\"https:\/\/stezen.ca\/en\/2025\/12\/\">\n\t\t8 Dec\t<\/a>\n<\/div>\n\t\t<\/div>\n\t\t<div class=\"qodef-e-content\">\n\t\t\t\t\t\t\t<div class=\"qodef-e-info qodef-info--top\">\n\t\t\t\t\t<div class=\"qodef-e-info-item qodef-e-info-category\">\n\t\t<a href=\"https:\/\/stezen.ca\/en\/category\/uncategorized\/\" rel=\"category tag\">Uncategorized<\/a><\/div>\n<div class=\"qodef-e-info-item qodef-e-info-author\">\n\t<a itemprop=\"author\" class=\"qodef-e-info-author-link\" href=\"https:\/\/stezen.ca\/en\/author\/infostezen-ca\/\">\n\t\t\t\tSt\u00e9phanie Barab\u00e9\t<\/a>\n<\/div>\n\t\t\t\t<\/div>\n\t\t\t\t\t\t<div class=\"qodef-e-text\">\n\t\t\t\t<h5 itemprop=\"name\" class=\"qodef-e-title entry-title\">\n\t<a itemprop=\"url\" class=\"qodef-e-title-link\" href=\"https:\/\/stezen.ca\/en\/desencombrer-avant-noel-et-donner-au-suivant\/\">\n\t\tDeclutter before Christmas and give to the next one\t<\/a>\n<\/h5>\n\t\t<p itemprop=\"description\" class=\"qodef-e-excerpt\">\n\t\t\tDecluttering takes on a whole new meaning as the holiday season approaches. Because we all know: between the toys piling up, the gifts to come and the whirlwind of december\t\t<\/p>\n\t\t\t\t<\/div>\n\t\t\t\t\t\t\t<div class=\"qodef-e-info qodef-info--bottom\">\n\t\t\t\t\t\t<div class=\"qodef-e-read-more\">\n\t\t<a class=\"qodef-shortcode qodef-m  qodef-qi-button qodef-html--link qodef-layout--textual qodef-type--standard   qodef-icon--right qodef-hover--icon-move-horizontal-short   qodef-text-underline qodef-underline--left\" href=\"https:\/\/stezen.ca\/en\/desencombrer-avant-noel-et-donner-au-suivant\/\" target=\"_self\">\t<span class=\"qodef-m-text\">Read more<\/span>\t<\/a>\t<\/div>\n\t\t\t\t<\/div>\n\t\t\t\t\t<\/div>\n\t<\/div>\n<\/article>\n<article class=\"qodef-e qodef-blog-item qodef-grid-item qodef-item--full post-9678 post type-post status-publish format-standard has-post-thumbnail hentry category-uncategorized tag-bordel tag-bordelique tag-chaos-creatif tag-desencombrement tag-desordonnes tag-desordre tag-environnement-desordonne tag-environnement-organise tag-environnement-structure tag-ordonne tag-organisation tag-organisatrice-professionnelle tag-rangement tag-stezen tag-syndrome-de-diogene\">\n\t<div class=\"qodef-e-inner\">\n\t\t<div class=\"qodef-e-media-holder\">\n\t\t\t<div class=\"qodef-e-media\">\n\t\t<div class=\"qodef-e-media-image\">\n\t\t<a itemprop=\"url\" href=\"https:\/\/stezen.ca\/en\/vivre-avec-quelquun-de-bordelique-solutions-concretes\/\">\n\t\t\t<img loading=\"lazy\" width=\"1500\" height=\"1000\" src=\"https:\/\/stezen.ca\/wp-content\/uploads\/2025\/11\/SteZen-Blogue-Vivre-avec-quelquun-de-bordelique.jpeg\" class=\"attachment-full size-full\" alt=\"Couple souriant assis sur le plancher de la cuisine, se tapant dans la main dans un moment complice.\" decoding=\"async\" srcset=\"https:\/\/stezen.ca\/wp-content\/uploads\/2025\/11\/SteZen-Blogue-Vivre-avec-quelquun-de-bordelique.jpeg 1500w, https:\/\/stezen.ca\/wp-content\/uploads\/2025\/11\/SteZen-Blogue-Vivre-avec-quelquun-de-bordelique-300x200.jpeg 300w, https:\/\/stezen.ca\/wp-content\/uploads\/2025\/11\/SteZen-Blogue-Vivre-avec-quelquun-de-bordelique-1024x683.jpeg 1024w, https:\/\/stezen.ca\/wp-content\/uploads\/2025\/11\/SteZen-Blogue-Vivre-avec-quelquun-de-bordelique-768x512.jpeg 768w, https:\/\/stezen.ca\/wp-content\/uploads\/2025\/11\/SteZen-Blogue-Vivre-avec-quelquun-de-bordelique-18x12.jpeg 18w\" sizes=\"(max-width: 1500px) 100vw, 1500px\" \/>\t\t<\/a>\n\t\t\t<\/div>\n<\/div>\n<div itemprop=\"dateCreated\" class=\"qodef-e-info-item qodef-e-info-date entry-date\">\n\t<a itemprop=\"url\" href=\"https:\/\/stezen.ca\/en\/2025\/11\/\">\n\t\t11 Nov\t<\/a>\n<\/div>\n\t\t<\/div>\n\t\t<div class=\"qodef-e-content\">\n\t\t\t\t\t\t\t<div class=\"qodef-e-info qodef-info--top\">\n\t\t\t\t\t<div class=\"qodef-e-info-item qodef-e-info-category\">\n\t\t<a href=\"https:\/\/stezen.ca\/en\/category\/uncategorized\/\" rel=\"category tag\">Uncategorized<\/a><\/div>\n<div class=\"qodef-e-info-item qodef-e-info-author\">\n\t<a itemprop=\"author\" class=\"qodef-e-info-author-link\" href=\"https:\/\/stezen.ca\/en\/author\/infostezen-ca\/\">\n\t\t\t\tSt\u00e9phanie Barab\u00e9\t<\/a>\n<\/div>\n\t\t\t\t<\/div>\n\t\t\t\t\t\t<div class=\"qodef-e-text\">\n\t\t\t\t<h5 itemprop=\"name\" class=\"qodef-e-title entry-title\">\n\t<a itemprop=\"url\" class=\"qodef-e-title-link\" href=\"https:\/\/stezen.ca\/en\/vivre-avec-quelquun-de-bordelique-solutions-concretes\/\">\n\t\tLiving with someone messy: concrete solutions\t<\/a>\n<\/h5>\n\t\t<p itemprop=\"description\" class=\"qodef-e-excerpt\">\n\t\t\tWhen you're naturally tidy, living with a messy person can quickly become a source of stress. But is clutter really a flaw? Or is-\t\t<\/p>\n\t\t\t\t<\/div>\n\t\t\t\t\t\t\t<div class=\"qodef-e-info qodef-info--bottom\">\n\t\t\t\t\t\t<div class=\"qodef-e-read-more\">\n\t\t<a class=\"qodef-shortcode qodef-m  qodef-qi-button qodef-html--link qodef-layout--textual qodef-type--standard   qodef-icon--right qodef-hover--icon-move-horizontal-short   qodef-text-underline qodef-underline--left\" href=\"https:\/\/stezen.ca\/en\/vivre-avec-quelquun-de-bordelique-solutions-concretes\/\" target=\"_self\">\t<span class=\"qodef-m-text\">Read more<\/span>\t<\/a>\t<\/div>\n\t\t\t\t<\/div>\n\t\t\t\t\t<\/div>\n\t<\/div>\n<\/article>\n<article class=\"qodef-e qodef-blog-item qodef-grid-item qodef-item--full post-9670 post type-post status-publish format-standard has-post-thumbnail hentry category-uncategorized tag-automne tag-cuisine tag-desencombrer tag-entreposer tag-exterieur tag-faire-le-tri tag-menage tag-menage-dautomne tag-nettoyer tag-organisation tag-organisatrice-professionnelle tag-organiser tag-rangement tag-reduire-le-stress tag-reorganiser tag-rester-zen\">\n\t<div class=\"qodef-e-inner\">\n\t\t<div class=\"qodef-e-media-holder\">\n\t\t\t<div class=\"qodef-e-media\">\n\t\t<div class=\"qodef-e-media-image\">\n\t\t<a itemprop=\"url\" href=\"https:\/\/stezen.ca\/en\/faire-son-menage-dautomne-se-preparer-pour-un-hiver-zen\/\">\n\t\t\t<img loading=\"lazy\" width=\"7952\" height=\"5304\" src=\"https:\/\/stezen.ca\/wp-content\/uploads\/2025\/10\/Stezen-blogue-menage-dautomne.jpg\" class=\"attachment-full size-full\" alt=\"Personne portant des gants blancs et un manteau jaune ramassant des feuilles mortes dans un jardin ensoleill\u00e9 \u00e0 l\u2019automne, dans le cadre d\u2019un m\u00e9nage d\u2019automne ext\u00e9rieur.\" decoding=\"async\" srcset=\"https:\/\/stezen.ca\/wp-content\/uploads\/2025\/10\/Stezen-blogue-menage-dautomne.jpg 7952w, https:\/\/stezen.ca\/wp-content\/uploads\/2025\/10\/Stezen-blogue-menage-dautomne-300x200.jpg 300w, https:\/\/stezen.ca\/wp-content\/uploads\/2025\/10\/Stezen-blogue-menage-dautomne-1024x683.jpg 1024w, https:\/\/stezen.ca\/wp-content\/uploads\/2025\/10\/Stezen-blogue-menage-dautomne-768x512.jpg 768w, https:\/\/stezen.ca\/wp-content\/uploads\/2025\/10\/Stezen-blogue-menage-dautomne-1536x1025.jpg 1536w, https:\/\/stezen.ca\/wp-content\/uploads\/2025\/10\/Stezen-blogue-menage-dautomne-18x12.jpg 18w\" sizes=\"(max-width: 7952px) 100vw, 7952px\" \/>\t\t<\/a>\n\t\t\t<\/div>\n<\/div>\n<div itemprop=\"dateCreated\" class=\"qodef-e-info-item qodef-e-info-date entry-date\">\n\t<a itemprop=\"url\" href=\"https:\/\/stezen.ca\/en\/2025\/10\/\">\n\t\tOct 28\t<\/a>\n<\/div>\n\t\t<\/div>\n\t\t<div class=\"qodef-e-content\">\n\t\t\t\t\t\t\t<div class=\"qodef-e-info qodef-info--top\">\n\t\t\t\t\t<div class=\"qodef-e-info-item qodef-e-info-category\">\n\t\t<a href=\"https:\/\/stezen.ca\/en\/category\/uncategorized\/\" rel=\"category tag\">Uncategorized<\/a><\/div>\n<div class=\"qodef-e-info-item qodef-e-info-author\">\n\t<a itemprop=\"author\" class=\"qodef-e-info-author-link\" href=\"https:\/\/stezen.ca\/en\/author\/infostezen-ca\/\">\n\t\t\t\tSt\u00e9phanie Barab\u00e9\t<\/a>\n<\/div>\n\t\t\t\t<\/div>\n\t\t\t\t\t\t<div class=\"qodef-e-text\">\n\t\t\t\t<h5 itemprop=\"name\" class=\"qodef-e-title entry-title\">\n\t<a itemprop=\"url\" class=\"qodef-e-title-link\" href=\"https:\/\/stezen.ca\/en\/faire-son-menage-dautomne-se-preparer-pour-un-hiver-zen\/\">\n\t\tAutumn cleaning: preparing for a zen winter\t<\/a>\n<\/h5>\n\t\t<p itemprop=\"description\" class=\"qodef-e-excerpt\">\n\t\t\tFall cleaning is a little ritual that I like to incorporate into my daily routine every year, a bit like the famous spring cleaning. Seasons of transition, like\t\t<\/p>\n\t\t\t\t<\/div>\n\t\t\t\t\t\t\t<div class=\"qodef-e-info qodef-info--bottom\">\n\t\t\t\t\t\t<div class=\"qodef-e-read-more\">\n\t\t<a class=\"qodef-shortcode qodef-m  qodef-qi-button qodef-html--link qodef-layout--textual qodef-type--standard   qodef-icon--right qodef-hover--icon-move-horizontal-short   qodef-text-underline qodef-underline--left\" href=\"https:\/\/stezen.ca\/en\/faire-son-menage-dautomne-se-preparer-pour-un-hiver-zen\/\" target=\"_self\">\t<span class=\"qodef-m-text\">Read more<\/span>\t<\/a>\t<\/div>\n\t\t\t\t<\/div>\n\t\t\t\t\t<\/div>\n\t<\/div>\n<\/article>\n\t<\/div>\n\t\t<div class=\"qodef-addons-m-pagination qodef--standard\">\n\t\t<nav class=\"navigation pagination\" role=\"navigation\" aria-label=\"Posts\">\n\t\t\t<h2 class=\"screen-reader-text\">Posts navigation<\/h2>\n\t\t\t<div class=\"nav-links\">\n\t\t\t\t<span aria-current=\"page\" class=\"page-numbers current\">1<\/span>\n<a class=\"page-numbers\" href=\"https:\/\/stezen.ca\/en\/wp-json\/wp\/v2\/pages\/7067\/page\/2\/\">2<\/a>\n<a class=\"page-numbers\" href=\"https:\/\/stezen.ca\/en\/wp-json\/wp\/v2\/pages\/7067\/page\/3\/\">3<\/a>\n<span class=\"page-numbers dots\">&hellip;<\/span>\n<a class=\"page-numbers\" href=\"https:\/\/stezen.ca\/en\/wp-json\/wp\/v2\/pages\/7067\/page\/8\/\">8<\/a>\n<a class=\"next page-numbers\" href=\"https:\/\/stezen.ca\/en\/wp-json\/wp\/v2\/pages\/7067\/page\/2\/\"><svg class=\"qodef-m-pagination-icon\" xmlns=\"http:\/\/www.w3.org\/2000\/svg\" x=\"0px\" y=\"0px\" viewbox=\"0 0 34.2 32.3\" xml:space=\"preserve\" style=\"stroke-width: 2;\"><line x1=\"0\" y1=\"16\" x2=\"33\" y2=\"16\"\/><line x1=\"17.3\" y1=\"0.7\" x2=\"33.2\" y2=\"16.5\"\/><line x1=\"17.3\" y1=\"31.6\" x2=\"33.5\" y2=\"15.4\"\/><\/svg><\/a>\t\t\t<\/div>\n\t\t<\/nav>\n\t<\/div>\n<\/div>\n\t\t<\/div>\n\t\t\t\t<\/div>\n\t\t\t\t\t\t<\/div>\n\t\t\t\t\t<\/div>\n\t\t<\/div>\n\t\t\t\t\t\t\t\t<\/div>\n\t\t\t\t\t<\/div>\n\t\t<\/section>\n\t\t\t\t\t\t\t\t\t<\/div>\n\t\t\t<\/div>\n\t\t\t\t\t<\/div>","protected":false},"excerpt":{"rendered":"<p>4 Juin Uncategorized St\u00e9phanie Barab\u00e9 Pr\u00e9parer sa maison avant les vacances: nos meilleurs conseils Des plans de vacances pr\u00e9vus pour cet \u00e9t\u00e9? Peut-\u00eatre un roadtrip en famille, une fin de semaine en camping ou m\u00eame un voyage \u00e0 l\u2019\u00e9tranger? Peu importe o\u00f9 vous irez, une c Lire plus 7 Mai Uncategorized St\u00e9phanie Barab\u00e9 La valorisation [&hellip;]<\/p>","protected":false},"author":3,"featured_media":0,"parent":0,"menu_order":0,"comment_status":"closed","ping_status":"closed","template":"page-full-width.php","meta":[],"_links":{"self":[{"href":"https:\/\/stezen.ca\/en\/wp-json\/wp\/v2\/pages\/7067"}],"collection":[{"href":"https:\/\/stezen.ca\/en\/wp-json\/wp\/v2\/pages"}],"about":[{"href":"https:\/\/stezen.ca\/en\/wp-json\/wp\/v2\/types\/page"}],"author":[{"embeddable":true,"href":"https:\/\/stezen.ca\/en\/wp-json\/wp\/v2\/users\/3"}],"replies":[{"embeddable":true,"href":"https:\/\/stezen.ca\/en\/wp-json\/wp\/v2\/comments?post=7067"}],"version-history":[{"count":10,"href":"https:\/\/stezen.ca\/en\/wp-json\/wp\/v2\/pages\/7067\/revisions"}],"predecessor-version":[{"id":9595,"href":"https:\/\/stezen.ca\/en\/wp-json\/wp\/v2\/pages\/7067\/revisions\/9595"}],"wp:attachment":[{"href":"https:\/\/stezen.ca\/en\/wp-json\/wp\/v2\/media?parent=7067"}],"curies":[{"name":"wp","href":"https:\/\/api.w.org\/{rel}","templated":true}]}}