{"id":8344,"date":"2022-11-28T14:29:18","date_gmt":"2022-11-28T19:29:18","guid":{"rendered":"https:\/\/stezen.ca\/?page_id=8344"},"modified":"2023-07-12T09:22:17","modified_gmt":"2023-07-12T13:22:17","slug":"partenariat","status":"publish","type":"page","link":"https:\/\/stezen.ca\/en\/partenariat\/","title":{"rendered":"Partnership"},"content":{"rendered":"<div data-elementor-type=\"wp-page\" data-elementor-id=\"8344\" class=\"elementor elementor-8344\" data-elementor-post-type=\"page\">\n\t\t\t\t\t\t<div class=\"elementor-inner\">\n\t\t\t\t<div class=\"elementor-section-wrap\">\n\t\t\t\t\t\t\t\t\t<section class=\"elementor-section elementor-top-section elementor-element elementor-element-6f709264 elementor-section-full_width elementor-section-height-min-height elementor-section-height-default elementor-section-items-middle qodef-elementor-content-no qodef-elementor-overlay-no\" data-id=\"6f709264\" data-element_type=\"section\" data-settings=\"{&quot;background_background&quot;:&quot;classic&quot;}\">\n\t\t\t\t\t\t<div class=\"elementor-container elementor-column-gap-no\">\n\t\t\t\t\t\t\t<div class=\"elementor-row\">\n\t\t\t\t\t<div class=\"elementor-column elementor-col-100 elementor-top-column elementor-element elementor-element-23a23916\" data-id=\"23a23916\" data-element_type=\"column\">\n\t\t\t<div class=\"elementor-column-wrap elementor-element-populated\">\n\t\t\t\t\t\t\t<div class=\"elementor-widget-wrap\">\n\t\t\t\t\t\t<div class=\"elementor-element elementor-element-272db93d elementor-widget elementor-widget-tobel_core_google_map\" data-id=\"272db93d\" data-element_type=\"widget\" data-widget_type=\"tobel_core_google_map.default\">\n\t\t\t\t<div class=\"elementor-widget-container\">\n\t\t\t<div class=\"qodef-shortcode qodef-m  qodef-google-map\">\n\t<div class=\"qodef-m-map\" id=\"qodef-map-id--26\" data-addresses='[\"Mulberry Street &amp;, Baxter St, New York, NY 10013, United States\"]' data-pin=\"https:\/\/stezen.ca\/wp-content\/uploads\/2021\/05\/Pin.png\" data-unique-id=\"26\" data-height=\"613\"><\/div>\n<\/div>\n\t\t<\/div>\n\t\t\t\t<\/div>\n\t\t\t\t<div class=\"elementor-element elementor-element-b2818e9 elementor-widget elementor-widget-tobel_core_google_map\" data-id=\"b2818e9\" data-element_type=\"widget\" data-widget_type=\"tobel_core_google_map.default\">\n\t\t\t\t<div class=\"elementor-widget-container\">\n\t\t\t<div class=\"qodef-shortcode qodef-m  qodef-google-map\">\n\t<div class=\"qodef-m-map\" id=\"qodef-map-id--214\" data-addresses='[\"Mulberry Street &amp;, Baxter St, New York, NY 10013, United States\"]' data-pin=\"https:\/\/stezen.ca\/wp-content\/uploads\/2021\/05\/Pin.png\" data-unique-id=\"214\" data-height=\"613\"><\/div>\n<\/div>\n\t\t<\/div>\n\t\t\t\t<\/div>\n\t\t\t\t\t\t<\/div>\n\t\t\t\t\t<\/div>\n\t\t<\/div>\n\t\t\t\t\t\t\t\t<\/div>\n\t\t\t\t\t<\/div>\n\t\t<\/section>\n\t\t\t\t<section class=\"elementor-section elementor-top-section elementor-element elementor-element-18ca7615 elementor-section-full_width qodef-elementor-content-grid elementor-section-height-default elementor-section-height-default qodef-elementor-overlay-no\" data-id=\"18ca7615\" data-element_type=\"section\">\n\t\t\t\t\t\t<div class=\"elementor-container elementor-column-gap-wider\">\n\t\t\t\t\t\t\t<div class=\"elementor-row\">\n\t\t\t\t\t<div class=\"elementor-column elementor-col-100 elementor-top-column elementor-element elementor-element-4719c35b\" data-id=\"4719c35b\" data-element_type=\"column\">\n\t\t\t<div class=\"elementor-column-wrap elementor-element-populated\">\n\t\t\t\t\t\t\t<div class=\"elementor-widget-wrap\">\n\t\t\t\t\t\t<div class=\"elementor-element elementor-element-6979a9e6 elementor-widget elementor-widget-tobel_core_section_title\" data-id=\"6979a9e6\" data-element_type=\"widget\" data-widget_type=\"tobel_core_section_title.default\">\n\t\t\t\t<div class=\"elementor-widget-container\">\n\t\t\t<div class=\"qodef-shortcode qodef-m  qodef-section-title qodef-alignment--left\">\n\t\t<h3 class=\"qodef-m-title\" >\n\t\t\t\t\tARE YOU A<br \/>\t\t\t<\/h3>\n\t\t<p class=\"qodef-m-subtitle\" style=\"margin-top: 5px;font-size: 50px\">\n\t\tpotential partner?\t<\/p>\n\t<\/div>\n\t\t<\/div>\n\t\t\t\t<\/div>\n\t\t\t\t\t\t<\/div>\n\t\t\t\t\t<\/div>\n\t\t<\/div>\n\t\t\t\t\t\t\t\t<\/div>\n\t\t\t\t\t<\/div>\n\t\t<\/section>\n\t\t\t\t<section class=\"elementor-section elementor-top-section elementor-element elementor-element-bd1eb22 qodef-elementor-content-grid elementor-section-full_width elementor-section-height-default elementor-section-height-default qodef-elementor-overlay-no\" data-id=\"bd1eb22\" data-element_type=\"section\" id=\"valeurs\" data-settings=\"{&quot;background_background&quot;:&quot;classic&quot;}\">\n\t\t\t\t\t\t\t<div class=\"elementor-background-overlay\"><\/div>\n\t\t\t\t\t\t\t<div class=\"elementor-container elementor-column-gap-default\">\n\t\t\t\t\t\t\t<div class=\"elementor-row\">\n\t\t\t\t\t<div class=\"elementor-column elementor-col-100 elementor-top-column elementor-element elementor-element-af02f93\" data-id=\"af02f93\" data-element_type=\"column\">\n\t\t\t<div class=\"elementor-column-wrap elementor-element-populated\">\n\t\t\t\t\t\t\t<div class=\"elementor-widget-wrap\">\n\t\t\t\t\t\t<section class=\"elementor-section elementor-inner-section elementor-element elementor-element-8904d73 elementor-section-boxed elementor-section-height-default elementor-section-height-default qodef-elementor-content-no qodef-elementor-overlay-no\" data-id=\"8904d73\" data-element_type=\"section\">\n\t\t\t\t\t\t<div class=\"elementor-container elementor-column-gap-default\">\n\t\t\t\t\t\t\t<div class=\"elementor-row\">\n\t\t\t\t\t<div class=\"elementor-column elementor-col-25 elementor-inner-column elementor-element elementor-element-b452a29\" data-id=\"b452a29\" data-element_type=\"column\">\n\t\t\t<div class=\"elementor-column-wrap elementor-element-populated\">\n\t\t\t\t\t\t\t<div class=\"elementor-widget-wrap\">\n\t\t\t\t\t\t<div class=\"elementor-element elementor-element-336db58 elementor-position-top elementor-vertical-align-top elementor-widget elementor-widget-image-box\" data-id=\"336db58\" data-element_type=\"widget\" data-widget_type=\"image-box.default\">\n\t\t\t\t<div class=\"elementor-widget-container\">\n\t\t\t<div class=\"elementor-image-box-wrapper\"><figure class=\"elementor-image-box-img\"><img decoding=\"async\" width=\"800\" height=\"1200\" src=\"https:\/\/stezen.ca\/wp-content\/uploads\/2022\/11\/Agence-immobiliere_Stezen_Solution_rangement.jpg\" class=\"attachment-full size-full wp-image-8353\" alt=\"\" loading=\"lazy\" srcset=\"https:\/\/stezen.ca\/wp-content\/uploads\/2022\/11\/Agence-immobiliere_Stezen_Solution_rangement.jpg 800w, https:\/\/stezen.ca\/wp-content\/uploads\/2022\/11\/Agence-immobiliere_Stezen_Solution_rangement-200x300.jpg 200w, https:\/\/stezen.ca\/wp-content\/uploads\/2022\/11\/Agence-immobiliere_Stezen_Solution_rangement-683x1024.jpg 683w, https:\/\/stezen.ca\/wp-content\/uploads\/2022\/11\/Agence-immobiliere_Stezen_Solution_rangement-768x1152.jpg 768w\" sizes=\"(max-width: 800px) 100vw, 800px\" \/><\/figure><div class=\"elementor-image-box-content\"><h6 class=\"elementor-image-box-title\">A real estate broker or agency<\/h6><\/div><\/div>\t\t<\/div>\n\t\t\t\t<\/div>\n\t\t\t\t\t\t<\/div>\n\t\t\t\t\t<\/div>\n\t\t<\/div>\n\t\t\t\t<div class=\"elementor-column elementor-col-25 elementor-inner-column elementor-element elementor-element-ef0245f\" data-id=\"ef0245f\" data-element_type=\"column\">\n\t\t\t<div class=\"elementor-column-wrap elementor-element-populated\">\n\t\t\t\t\t\t\t<div class=\"elementor-widget-wrap\">\n\t\t\t\t\t\t<div class=\"elementor-element elementor-element-8aab3a6 elementor-position-top elementor-vertical-align-top elementor-widget elementor-widget-image-box\" data-id=\"8aab3a6\" data-element_type=\"widget\" data-widget_type=\"image-box.default\">\n\t\t\t\t<div class=\"elementor-widget-container\">\n\t\t\t<div class=\"elementor-image-box-wrapper\"><figure class=\"elementor-image-box-img\"><img decoding=\"async\" width=\"800\" height=\"1200\" src=\"https:\/\/stezen.ca\/wp-content\/uploads\/2022\/11\/Stezen_rangement_solution_montreal_garde_robe.jpg\" class=\"attachment-full size-full wp-image-8354\" alt=\"\" loading=\"lazy\" srcset=\"https:\/\/stezen.ca\/wp-content\/uploads\/2022\/11\/Stezen_rangement_solution_montreal_garde_robe.jpg 800w, https:\/\/stezen.ca\/wp-content\/uploads\/2022\/11\/Stezen_rangement_solution_montreal_garde_robe-200x300.jpg 200w, https:\/\/stezen.ca\/wp-content\/uploads\/2022\/11\/Stezen_rangement_solution_montreal_garde_robe-683x1024.jpg 683w, https:\/\/stezen.ca\/wp-content\/uploads\/2022\/11\/Stezen_rangement_solution_montreal_garde_robe-768x1152.jpg 768w\" sizes=\"(max-width: 800px) 100vw, 800px\" \/><\/figure><div class=\"elementor-image-box-content\"><h6 class=\"elementor-image-box-title\">A manufacturer and\/or retailer of customized storage solutions<\/h6><\/div><\/div>\t\t<\/div>\n\t\t\t\t<\/div>\n\t\t\t\t\t\t<\/div>\n\t\t\t\t\t<\/div>\n\t\t<\/div>\n\t\t\t\t<div class=\"elementor-column elementor-col-25 elementor-inner-column elementor-element elementor-element-9777994\" data-id=\"9777994\" data-element_type=\"column\">\n\t\t\t<div class=\"elementor-column-wrap elementor-element-populated\">\n\t\t\t\t\t\t\t<div class=\"elementor-widget-wrap\">\n\t\t\t\t\t\t<div class=\"elementor-element elementor-element-1c86721 elementor-position-top elementor-vertical-align-top elementor-widget elementor-widget-image-box\" data-id=\"1c86721\" data-element_type=\"widget\" data-widget_type=\"image-box.default\">\n\t\t\t\t<div class=\"elementor-widget-container\">\n\t\t\t<div class=\"elementor-image-box-wrapper\"><figure class=\"elementor-image-box-img\"><img decoding=\"async\" width=\"800\" height=\"1200\" src=\"https:\/\/stezen.ca\/wp-content\/uploads\/2022\/11\/demenagement_montreal_Stezen_solution_rangement.jpg\" class=\"attachment-full size-full wp-image-8355\" alt=\"\" loading=\"lazy\" srcset=\"https:\/\/stezen.ca\/wp-content\/uploads\/2022\/11\/demenagement_montreal_Stezen_solution_rangement.jpg 800w, https:\/\/stezen.ca\/wp-content\/uploads\/2022\/11\/demenagement_montreal_Stezen_solution_rangement-200x300.jpg 200w, https:\/\/stezen.ca\/wp-content\/uploads\/2022\/11\/demenagement_montreal_Stezen_solution_rangement-683x1024.jpg 683w, https:\/\/stezen.ca\/wp-content\/uploads\/2022\/11\/demenagement_montreal_Stezen_solution_rangement-768x1152.jpg 768w\" sizes=\"(max-width: 800px) 100vw, 800px\" \/><\/figure><div class=\"elementor-image-box-content\"><h6 class=\"elementor-image-box-title\">A moving company<\/h6><\/div><\/div>\t\t<\/div>\n\t\t\t\t<\/div>\n\t\t\t\t\t\t<\/div>\n\t\t\t\t\t<\/div>\n\t\t<\/div>\n\t\t\t\t<div class=\"elementor-column elementor-col-25 elementor-inner-column elementor-element elementor-element-06c4f13\" data-id=\"06c4f13\" data-element_type=\"column\">\n\t\t\t<div class=\"elementor-column-wrap elementor-element-populated\">\n\t\t\t\t\t\t\t<div class=\"elementor-widget-wrap\">\n\t\t\t\t\t\t<div class=\"elementor-element elementor-element-d0418c8 elementor-position-top elementor-vertical-align-top elementor-widget elementor-widget-image-box\" data-id=\"d0418c8\" data-element_type=\"widget\" data-widget_type=\"image-box.default\">\n\t\t\t\t<div class=\"elementor-widget-container\">\n\t\t\t<div class=\"elementor-image-box-wrapper\"><figure class=\"elementor-image-box-img\"><img decoding=\"async\" width=\"800\" height=\"1200\" src=\"https:\/\/stezen.ca\/wp-content\/uploads\/2022\/11\/Stezen_solution_rangement_partenariat_designer_interieur_montreal.jpg\" class=\"attachment-full size-full wp-image-8356\" alt=\"\" loading=\"lazy\" srcset=\"https:\/\/stezen.ca\/wp-content\/uploads\/2022\/11\/Stezen_solution_rangement_partenariat_designer_interieur_montreal.jpg 800w, https:\/\/stezen.ca\/wp-content\/uploads\/2022\/11\/Stezen_solution_rangement_partenariat_designer_interieur_montreal-200x300.jpg 200w, https:\/\/stezen.ca\/wp-content\/uploads\/2022\/11\/Stezen_solution_rangement_partenariat_designer_interieur_montreal-683x1024.jpg 683w, https:\/\/stezen.ca\/wp-content\/uploads\/2022\/11\/Stezen_solution_rangement_partenariat_designer_interieur_montreal-768x1152.jpg 768w\" sizes=\"(max-width: 800px) 100vw, 800px\" \/><\/figure><div class=\"elementor-image-box-content\"><h6 class=\"elementor-image-box-title\">An interior designer<\/h6><\/div><\/div>\t\t<\/div>\n\t\t\t\t<\/div>\n\t\t\t\t\t\t<\/div>\n\t\t\t\t\t<\/div>\n\t\t<\/div>\n\t\t\t\t\t\t\t\t<\/div>\n\t\t\t\t\t<\/div>\n\t\t<\/section>\n\t\t\t\t\t\t<\/div>\n\t\t\t\t\t<\/div>\n\t\t<\/div>\n\t\t\t\t\t\t\t\t<\/div>\n\t\t\t\t\t<\/div>\n\t\t<\/section>\n\t\t\t\t<section class=\"elementor-section elementor-top-section elementor-element elementor-element-04429fd qodef-elementor-content-grid elementor-section-boxed elementor-section-height-default elementor-section-height-default qodef-elementor-overlay-no\" data-id=\"04429fd\" data-element_type=\"section\" id=\"mission\">\n\t\t\t\t\t\t<div class=\"elementor-container elementor-column-gap-default\">\n\t\t\t\t\t\t\t<div class=\"elementor-row\">\n\t\t\t\t\t<div class=\"elementor-column elementor-col-100 elementor-top-column elementor-element elementor-element-a29ae9c\" data-id=\"a29ae9c\" data-element_type=\"column\">\n\t\t\t<div class=\"elementor-column-wrap elementor-element-populated\">\n\t\t\t\t\t\t\t<div class=\"elementor-widget-wrap\">\n\t\t\t\t\t\t<div class=\"elementor-element elementor-element-b5f5f4c elementor-widget elementor-widget-tobel_core_section_title\" data-id=\"b5f5f4c\" data-element_type=\"widget\" data-widget_type=\"tobel_core_section_title.default\">\n\t\t\t\t<div class=\"elementor-widget-container\">\n\t\t\t<div class=\"qodef-shortcode qodef-m  qodef-section-title qodef-alignment--left\">\n\t\t<p class=\"qodef-m-subtitle\" style=\"margin-top: -15px;margin-bottom: -15px\">\n\t\tUnited\t<\/p>\n\t\t<h4 class=\"qodef-m-title\" >\n\t\t\t\t\twe thrive\t\t\t<\/h4>\n\t<\/div>\n\t\t<\/div>\n\t\t\t\t<\/div>\n\t\t\t\t<div class=\"elementor-element elementor-element-7222423 elementor-widget elementor-widget-text-editor\" data-id=\"7222423\" data-element_type=\"widget\" data-settings=\"{&quot;_animation&quot;:&quot;none&quot;}\" data-widget_type=\"text-editor.default\">\n\t\t\t\t<div class=\"elementor-widget-container\">\n\t\t\t\t\t\t\t\t<div class=\"elementor-text-editor elementor-clearfix\">\n\t\t\t\t<h5>Set yourself apart from the competition and enhance your service offering by becoming a St\u00e9Zen partner!<\/h5><p>Here are just a few of the benefits you and your customers can enjoy if you are :<\/p><h5><strong>A REAL ESTATE BROKER or AGENCY<\/strong><\/h5><ul><li style=\"list-style-type: none;\"><ul><li>Mutual referencing to meet the needs of your\/our customers;<\/li><li>Decluttering and <em>home staging<\/em> to take photos and put the property up for sale quickly;<\/li><li>Moving assistance to make the process easier for your customers (move planning, packing\/identification\/unpacking of boxes);\u00a0<\/li><li>Transport small items your customers wish to dispose of to the appropriate organizations;\u00a0<\/li><li>Store for storage items adapted to new spaces (bins, dividers, shelves, hooks, etc.);<\/li><li>Organization and\/or coaching to optimize new spaces and maintain storage solutions.<\/li><\/ul><\/li><\/ul><h5><strong>A MANUFACTURER and\/or DISTRIBUTOR OF STORAGE SOLUTIONS<\/strong><\/h5><ul><li style=\"list-style-type: none;\"><ul><li>Mutual referencing to meet the needs of your\/our customers;<\/li><li>Decluttering and assessing optimal space configuration before designing storage solutions;\u00a0<\/li><li>Transport of small items your customers wish to dispose of to the appropriate organizations.\u00a0<\/li><li>Organization of new storage spaces after installation of custom solutions;\u00a0<\/li><li>Organizational coaching to optimize and maintain storage solutions;\u00a0<\/li><li>Design and sale of new, original storage solutions designed by your company and St\u00e9Zen.<\/li><\/ul><\/li><\/ul><h5><strong>A MOVING COMPANY (for individuals or companies)<\/strong><\/h5><ul><li style=\"list-style-type: none;\"><ul><li>Mutual referencing to meet the needs of your\/our customers;<\/li><li>Decluttering spaces to avoid unnecessarily moving items that are no longer in use;<\/li><li>Transport of small items your customers wish to dispose of to the appropriate organizations.\u00a0<\/li><li>Moving assistance to make the process easier for your customers (move management, packing\/identification\/unpacking of boxes);<\/li><li>Store for storage items adapted to new spaces (bins, dividers, shelves, hooks, etc.);<\/li><li>Organization and\/or coaching to optimize new spaces and maintain storage solutions.<strong><br \/><\/strong><\/li><\/ul><\/li><\/ul><h5><strong>AN INTERIOR DESIGNER<\/strong><\/h5><ul><li style=\"list-style-type: none;\"><ul><li>Mutual referencing to meet the needs of your\/our customers;<\/li><li>De-cluttering and assessing optimal space configuration before drawing up plans;\u00a0<\/li><li>Transport of small items your customers wish to dispose of to the appropriate organizations.\u00a0<\/li><li>Store for storage items adapted to new spaces (bins, dividers, shelves, hooks, etc.);<\/li><li>Organization and\/or coaching to optimize new spaces and maintain storage solutions.<\/li><\/ul><\/li><\/ul><h5><strong>Any other company offering products or services that complement our own.<\/strong><\/h5><ul><li style=\"list-style-type: none;\"><ul><li>We'd love to hear your ideas on how we can work together. Please let us know!<\/li><\/ul><\/li><\/ul><p>To find out more about how your customers, your company and St\u00e9Zen can benefit from a win-win formula by creating a unique partnership, contact us today :<\/p>\t\t\t\t\t<\/div>\n\t\t\t\t\t\t<\/div>\n\t\t\t\t<\/div>\n\t\t\t\t<div class=\"elementor-element elementor-element-262fba8 elementor-view-default elementor-vertical-align-top elementor-invisible elementor-widget elementor-widget-icon-box\" data-id=\"262fba8\" data-element_type=\"widget\" data-settings=\"{&quot;_animation&quot;:&quot;fadeIn&quot;}\" data-widget_type=\"icon-box.default\">\n\t\t\t\t<div class=\"elementor-widget-container\">\n\t\t\t\t\t<div class=\"elementor-icon-box-wrapper\">\n\t\t\t\t\t\t<div class=\"elementor-icon-box-content\">\n\t\t\t\t<h4 class=\"elementor-icon-box-title\">\n\t\t\t\t\t<span  >\n\t\t\t\t\t\tCONTACT US\t\t\t\t\t<\/span>\n\t\t\t\t<\/h4>\n\t\t\t\t\t\t\t<\/div>\n\t\t<\/div>\n\t\t\t\t<\/div>\n\t\t\t\t<\/div>\n\t\t\t\t<div class=\"elementor-element elementor-element-de60022 elementor-button-align-center elementor-widget elementor-widget-form\" data-id=\"de60022\" data-element_type=\"widget\" data-settings=\"{&quot;step_next_label&quot;:&quot;Suivant&quot;,&quot;step_previous_label&quot;:&quot;Pr\\u00e9c\\u00e9dent&quot;,&quot;button_width&quot;:&quot;100&quot;,&quot;step_type&quot;:&quot;number_text&quot;,&quot;step_icon_shape&quot;:&quot;circle&quot;}\" data-widget_type=\"form.default\">\n\t\t\t\t<div class=\"elementor-widget-container\">\n\t\t\t\t\t<form class=\"elementor-form\" method=\"post\" name=\"New Form\" action=\"\">\n\t\t\t<input type=\"hidden\" name=\"post_id\" value=\"8344\"\/>\n\t\t\t<input type=\"hidden\" name=\"form_id\" value=\"de60022\"\/>\n\t\t\t<input type=\"hidden\" name=\"referer_title\" value=\"\" \/>\n\n\t\t\t\n\t\t\t<div class=\"elementor-form-fields-wrapper elementor-labels-above\">\n\t\t\t\t\t\t\t\t<div class=\"elementor-field-type-text elementor-field-group elementor-column elementor-field-group-name elementor-col-50 elementor-field-required\">\n\t\t\t\t\t\t\t\t\t\t\t\t<label for=\"form-field-name\" class=\"elementor-field-label\">\n\t\t\t\t\t\t\t\tFull name *\t\t\t\t\t\t\t<\/label>\n\t\t\t\t\t\t\t\t\t\t\t\t\t\t<input size=\"1\" type=\"text\" name=\"form_fields[name]\" id=\"form-field-name\" class=\"elementor-field elementor-size-sm  elementor-field-textual\" required=\"required\" aria-required=\"true\">\n\t\t\t\t\t\t\t\t\t\t\t<\/div>\n\t\t\t\t\t\t\t\t<div class=\"elementor-field-type-email elementor-field-group elementor-column elementor-field-group-email elementor-col-50 elementor-field-required\">\n\t\t\t\t\t\t\t\t\t\t\t\t<label for=\"form-field-email\" class=\"elementor-field-label\">\n\t\t\t\t\t\t\t\tE-mail *\t\t\t\t\t\t\t<\/label>\n\t\t\t\t\t\t\t\t\t\t\t\t\t\t<input size=\"1\" type=\"email\" name=\"form_fields[email]\" id=\"form-field-email\" class=\"elementor-field elementor-size-sm  elementor-field-textual\" required=\"required\" aria-required=\"true\">\n\t\t\t\t\t\t\t\t\t\t\t<\/div>\n\t\t\t\t\t\t\t\t<div class=\"elementor-field-type-tel elementor-field-group elementor-column elementor-field-group-field_86b5b8a elementor-col-100 elementor-field-required\">\n\t\t\t\t\t\t\t\t\t\t\t\t<label for=\"form-field-field_86b5b8a\" class=\"elementor-field-label\">\n\t\t\t\t\t\t\t\tPhone number\t\t\t\t\t\t\t<\/label>\n\t\t\t\t\t\t\t\t<input size=\"1\" type=\"tel\" name=\"form_fields[field_86b5b8a]\" id=\"form-field-field_86b5b8a\" class=\"elementor-field elementor-size-sm  elementor-field-textual\" required=\"required\" aria-required=\"true\" pattern=\"[0-9()#&amp;+*-=.]+\" title=\"Only numbers and phone characters (#, -, *, etc) are accepted.\">\n\n\t\t\t\t\t\t<\/div>\n\t\t\t\t\t\t\t\t<div class=\"elementor-field-type-select elementor-field-group elementor-column elementor-field-group-field_ab6006d elementor-col-100 elementor-field-required\">\n\t\t\t\t\t\t\t\t\t\t\t\t<label for=\"form-field-field_ab6006d\" class=\"elementor-field-label\">\n\t\t\t\t\t\t\t\tPartner type *\t\t\t\t\t\t\t<\/label>\n\t\t\t\t\t\t\t\t<div class=\"elementor-field elementor-select-wrapper remove-before\">\n\t\t\t<div class=\"select-caret-down-wrapper\">\n\t\t\t\t<i aria-hidden=\"true\" class=\"eicon-caret-down\"><\/i>\t\t\t<\/div>\n\t\t\t<select name=\"form_fields[field_ab6006d]\" id=\"form-field-field_ab6006d\" class=\"elementor-field-textual elementor-size-sm\" required=\"required\" aria-required=\"true\">\n\t\t\t\t\t\t\t\t\t<option value=\"Courtier immobilier\">Real estate broker<\/option>\n\t\t\t\t\t\t\t\t\t<option value=\"Agence Immobili\u00e8re\">Real Estate Agency<\/option>\n\t\t\t\t\t\t\t\t\t<option value=\"Compagnie de d\u00e9m\u00e9nagement\">Moving company<\/option>\n\t\t\t\t\t\t\t\t\t<option value=\"Designer d&#039;int\u00e9rieur\">Interior designer<\/option>\n\t\t\t\t\t\t\t\t\t<option value=\"Autres\">Other<\/option>\n\t\t\t\t\t\t\t<\/select>\n\t\t<\/div>\n\t\t\t\t\t\t<\/div>\n\t\t\t\t\t\t\t\t<div class=\"elementor-field-type-textarea elementor-field-group elementor-column elementor-field-group-message elementor-col-100\">\n\t\t\t\t\t\t\t\t\t\t\t\t<label for=\"form-field-message\" class=\"elementor-field-label\">\n\t\t\t\t\t\t\t\tMessage\t\t\t\t\t\t\t<\/label>\n\t\t\t\t\t\t<textarea class=\"elementor-field-textual elementor-field  elementor-size-sm\" name=\"form_fields[message]\" id=\"form-field-message\" rows=\"4\"><\/textarea>\t\t\t\t<\/div>\n\t\t\t\t\t\t\t\t<div class=\"elementor-field-group elementor-column elementor-field-type-submit elementor-col-100 e-form__buttons\">\n\t\t\t\t\t<button type=\"submit\" class=\"elementor-button elementor-size-sm\">\n\t\t\t\t\t\t<span >\n\t\t\t\t\t\t\t\t\t\t\t\t\t\t\t<span class=\"elementor-button-icon\">\n\t\t\t\t\t\t\t\t\t\t\t\t\t\t\t\t\t\t\t\t\t\t\t\t\t\t<\/span>\n\t\t\t\t\t\t\t\t\t\t\t\t\t\t\t\t\t\t\t\t\t\t<span class=\"elementor-button-text\">SEND<\/span>\n\t\t\t\t\t\t\t\t\t\t\t\t\t<\/span>\n\t\t\t\t\t<\/button>\n\t\t\t\t<\/div>\n\t\t\t<\/div>\n\t\t<input type=\"hidden\" name=\"trp-form-language\" value=\"en\"\/><\/form>\n\t\t\t\t<\/div>\n\t\t\t\t<\/div>\n\t\t\t\t\t\t<\/div>\n\t\t\t\t\t<\/div>\n\t\t<\/div>\n\t\t\t\t\t\t\t\t<\/div>\n\t\t\t\t\t<\/div>\n\t\t<\/section>\n\t\t\t\t\t\t\t\t\t<\/div>\n\t\t\t<\/div>\n\t\t\t\t\t<\/div>","protected":false},"excerpt":{"rendered":"<p>\u00caTES-VOUS UN partenaire potentiel? Un courtier immobilier ou une agence immobili\u00e8re Un fabricant et\/ou commer\u00e7ant de solutions de rangement sur mesure Une compagnie de d\u00e9m\u00e9nagement Un(e) designer d&rsquo;int\u00e9rieur Unissons nos forces D\u00e9marquez-vous de votre concurrence et bonifiez votre offre de services en devenant un partenaire de St\u00e9Zen\u00a0! Voici quelques avantages dont vous et vos clients [&hellip;]<\/p>","protected":false},"author":6,"featured_media":0,"parent":0,"menu_order":0,"comment_status":"closed","ping_status":"closed","template":"page-full-width.php","meta":[],"_links":{"self":[{"href":"https:\/\/stezen.ca\/en\/wp-json\/wp\/v2\/pages\/8344"}],"collection":[{"href":"https:\/\/stezen.ca\/en\/wp-json\/wp\/v2\/pages"}],"about":[{"href":"https:\/\/stezen.ca\/en\/wp-json\/wp\/v2\/types\/page"}],"author":[{"embeddable":true,"href":"https:\/\/stezen.ca\/en\/wp-json\/wp\/v2\/users\/6"}],"replies":[{"embeddable":true,"href":"https:\/\/stezen.ca\/en\/wp-json\/wp\/v2\/comments?post=8344"}],"version-history":[{"count":10,"href":"https:\/\/stezen.ca\/en\/wp-json\/wp\/v2\/pages\/8344\/revisions"}],"predecessor-version":[{"id":8686,"href":"https:\/\/stezen.ca\/en\/wp-json\/wp\/v2\/pages\/8344\/revisions\/8686"}],"wp:attachment":[{"href":"https:\/\/stezen.ca\/en\/wp-json\/wp\/v2\/media?parent=8344"}],"curies":[{"name":"wp","href":"https:\/\/api.w.org\/{rel}","templated":true}]}}